{"id":2,"date":"2016-05-10T03:48:21","date_gmt":"2016-05-10T03:48:21","guid":{"rendered":"https:\/\/ibz.gmbh\/?page_id=2"},"modified":"2025-07-02T08:54:57","modified_gmt":"2025-07-02T08:54:57","slug":"sample-page","status":"publish","type":"page","link":"https:\/\/ibz.gmbh\/","title":{"rendered":"Startseite"},"content":{"rendered":"<p>&nbsp;<\/p>\n<p>Innovation ist der Wachstumsmotor in einer globalisierten Welt.<\/p>\n<p>Innovativ sein hei\u00dft, andere Perspektiven einzunehmen, um neue<br \/>\nUmsatzpotentiale zu erschlie\u00dfen und neue Wachstumsm\u00e4rkte zu erobern.<\/p>\n<p>Nur wer innovativ ist, differenziert sich von all den anderen.<\/p>\n<p>Werden Sie etwas ganz Besonderes!<\/p>\n<p><strong>&#8211; Wir unterst\u00fctzen Sie dabei.<\/strong><\/p>\n","protected":false},"excerpt":{"rendered":"<p>&nbsp; Innovation ist der Wachstumsmotor in einer globalisierten Welt. Innovativ sein hei\u00dft, andere Perspektiven einzunehmen, um neue Umsatzpotentiale zu erschlie\u00dfen und neue Wachstumsm\u00e4rkte zu erobern. Nur wer innovativ ist, differenziert sich von all den anderen. Werden Sie etwas ganz Besonderes!<\/p>\n","protected":false},"author":1,"featured_media":0,"parent":0,"menu_order":0,"comment_status":"closed","ping_status":"open","template":"","meta":{"footnotes":""},"class_list":["post-2","page","type-page","status-publish","hentry"],"_links":{"self":[{"href":"https:\/\/ibz.gmbh\/index.php?rest_route=\/wp\/v2\/pages\/2","targetHints":{"allow":["GET"]}}],"collection":[{"href":"https:\/\/ibz.gmbh\/index.php?rest_route=\/wp\/v2\/pages"}],"about":[{"href":"https:\/\/ibz.gmbh\/index.php?rest_route=\/wp\/v2\/types\/page"}],"author":[{"embeddable":true,"href":"https:\/\/ibz.gmbh\/index.php?rest_route=\/wp\/v2\/users\/1"}],"replies":[{"embeddable":true,"href":"https:\/\/ibz.gmbh\/index.php?rest_route=%2Fwp%2Fv2%2Fcomments&post=2"}],"version-history":[{"count":3,"href":"https:\/\/ibz.gmbh\/index.php?rest_route=\/wp\/v2\/pages\/2\/revisions"}],"predecessor-version":[{"id":21,"href":"https:\/\/ibz.gmbh\/index.php?rest_route=\/wp\/v2\/pages\/2\/revisions\/21"}],"wp:attachment":[{"href":"https:\/\/ibz.gmbh\/index.php?rest_route=%2Fwp%2Fv2%2Fmedia&parent=2"}],"curies":[{"name":"wp","href":"https:\/\/api.w.org\/{rel}","templated":true}]}}